{"id":4141,"date":"2020-07-02T11:21:10","date_gmt":"2020-07-02T09:21:10","guid":{"rendered":"http:\/\/bdgt-lld.creasouk.com\/?page_id=4141"},"modified":"2025-07-10T20:34:51","modified_gmt":"2025-07-10T19:34:51","slug":"une_opportunite_pour_les_entreprises","status":"publish","type":"page","link":"https:\/\/www.budget-lld.ma\/ar\/une_opportunite_pour_les_entreprises\/","title":{"rendered":"\u062d\u0644 \u0646\u0627\u062c\u0639 \u0644\u0644\u0645\u0642\u0627\u0648\u0644\u0627\u062a"},"content":{"rendered":"<div class=\"brz-root__container brz-reset-all\">\n<section id=\"tyjurjrbcrkyqjabhvcbiykggomdrqvnkoor\" class=\"brz-section brz-css-oymmj\" data-uid=\"tyjurjrbcrkyqjabhvcbiykggomdrqvnkoor\">\n<div class=\"brz-section__items\">\n<div class=\"brz-section__content brz-section--fullWidth\" data-custom-id=\"tnwrweusyssezbufvmthatfahnimoualmerd\">\n<div class=\"brz-bg brz-css-csgai brz-css-uwaql\">\n<div class=\"brz-bg-media\">\n<div class=\"brz-bg-color\"><\/div>\n<\/div>\n<div class=\"brz-bg-content\">\n<div class=\"brz-container__wrap brz-css-isfrc brz-css-whefo\">\n<div class=\"brz-container brz-css-usjop\">\n<div class=\"brz-row__container brz-css-yylue\" data-custom-id=\"eujkchfovqsmvwsfqccfuuownmartoegiyaj\">\n<div class=\"brz-bg brz-flex-xs-wrap brz-row__bg brz-css-nfojg\">\n<div class=\"brz-bg-content\">\n<div class=\"brz-row brz-css-cvdqp brz-css-qvozg\">\n<div class=\"brz-columns brz-css-qhgvf brz-css-eovlw\" data-custom-id=\"sadpgteewpvrlprtlveuqhdbcywpfrglxfmo\">\n<div class=\"brz-bg brz-css-fpqaf brz-css-vcwqc\">\n<div class=\"brz-bg-content\">\n<div class=\"brz-row__container brz-css-yylue\" data-custom-id=\"frvznmyibpyecuttcrxpoauweokaclkzlzih\">\n<div class=\"brz-bg brz-flex-xs-wrap brz-row__bg brz-css-nfojg\">\n<div class=\"brz-bg-content\">\n<div class=\"brz-row brz-row--inner brz-css-cvdqp brz-css-qvozg\">\n<div class=\"brz-columns brz-css-qhgvf brz-css-ikkcl\" data-custom-id=\"sxawwllwgctlxcjvaquvjtlgsfrvrqjpvclx\">\n<div class=\"brz-bg brz-css-fpqaf brz-css-znizx\">\n<div class=\"brz-bg-content\">\n<div class=\"brz-wrapper brz-css-motuk\">\n<div class=\"brz-d-xs-flex brz-css-lkvhr brz-css-kreoo\">\n<div class=\"brz-wp-shortcode brz-css-xdohc\" data-custom-id=\"maidtpllkmvfkmgqeturyakyhdzwplxxhwsi\">\n<div>\n<p style=\"color: #eb5623;font-size: 13px;margin-top: 0;margin-bottom: 0\">Du lundi au vendredi de 8h00 \u00e0 18h30 et le samedi matin de 8h30 \u00e0 12h00 &#8211; Appelez le <strong>0520 377 677<\/strong> pour toutes demandes techniques ou le <strong>0522 97 75 42<\/strong> \u0644\u0637\u0644\u0628 \u0627\u0644\u0645\u0633\u0627\u0639\u062f\u0629 24 \u0633\u0627\u0639\u0629 \u0639\u0644\u0649 24 \u0637\u064a\u0644\u0629 \u0623\u064a\u0627\u0645 \u0627\u0644\u0623\u0633\u0628\u0648\u0639.<\/p>\n<\/div>\n<\/div>\n<\/div>\n<\/div>\n<\/div>\n<\/div>\n<\/div>\n<div class=\"brz-columns brz-css-qhgvf brz-css-dompi\" data-custom-id=\"mofulrdjexblmfwhgfyiehkgyavtlkkurshr\">\n<div class=\"brz-bg brz-css-fpqaf brz-css-lihlk\">\n<div class=\"brz-bg-content\">\n<div class=\"brz-wrapper-clone brz-css-pugoe\">\n<div class=\"brz-wrapper-clone__wrap brz-css-qetno brz-css-qhuhf\">\n<div class=\"brz-d-xs-flex brz-flex-xs-wrap brz-css-zklmd brz-css-ipmwk\">\n<div class=\"brz-wrapper-clone__item brz-css-iimdq brz-css-rxecg\" id=\"ogtkhhpwidzgmyovhgexjjbmhbeipizbqkju\"><a class=\"brz-a brz-btn brz-css-quyif brz-css-yfqdy\" href=\"https:\/\/www.budget-lld.ma\/..\/..\/\" data-brz-link-type=\"external\" data-custom-id=\"ogtkhhpwidzgmyovhgexjjbmhbeipizbqkju\"><span class=\"brz-span brz-text__editor\">Fran\u00e7ais<\/span><\/a><\/div>\n<div class=\"brz-wrapper-clone__item brz-css-iimdq brz-css-rxecg\" id=\"jzzqefkjgjwjdhvpyrqvztkdtkababjejstz\"><a class=\"brz-a brz-btn brz-css-quyif brz-css-shcei\" href=\"\/ar\" data-brz-link-type=\"external\" data-custom-id=\"jzzqefkjgjwjdhvpyrqvztkdtkababjejstz\"><span class=\"brz-span brz-text__editor\">\u0627\u0644\u0639\u0631\u0628\u064a\u0629<\/span><\/a><\/div>\n<\/div>\n<\/div>\n<\/div>\n<\/div>\n<\/div>\n<\/div>\n<\/div>\n<\/div>\n<\/div>\n<\/div>\n<\/div>\n<\/div>\n<\/div>\n<\/div>\n<\/div>\n<\/div>\n<\/div>\n<\/div>\n<\/div>\n<\/div>\n<\/div>\n<\/div>\n<\/div>\n<\/section>\n<section id=\"betuegwackshvwoxdcqqmtatylepesvupias\" class=\"brz-section brz-section__header brz-css-xbguv\" data-uid=\"betuegwackshvwoxdcqqmtatylepesvupias\">\n<div class=\"brz-section__menu-item\" data-custom-id=\"iedfhawjcpzkiypeyjqjinlhrozmygookkig\">\n<div class=\"brz-bg brz-css-cmubt brz-css-aegaz\">\n<div class=\"brz-bg-media\">\n<div class=\"brz-bg-color\"><\/div>\n<\/div>\n<div class=\"brz-bg-content\">\n<div class=\"brz-container__wrap brz-css-okfwh\">\n<div class=\"brz-container brz-css-oqztb\">\n<div class=\"brz-row__container brz-css-yylue\" data-custom-id=\"oooimscgfphuuyqhjkmnepuiujbzkayjwwll\">\n<div class=\"brz-bg brz-flex-xs-wrap brz-row__bg brz-css-nfojg\">\n<div class=\"brz-bg-content\">\n<div class=\"brz-row brz-css-cvdqp brz-css-xkgai\">\n<div class=\"brz-columns brz-css-qhgvf brz-css-ecdba\" data-custom-id=\"rhqdbhztmdehwdqyxzqhebqvruzqbuxkduxl\">\n<div class=\"brz-bg brz-css-fpqaf brz-css-oxeev\">\n<div class=\"brz-bg-content\">\n<div class=\"brz-wrapper brz-css-motuk\">\n<div class=\"brz-d-xs-flex brz-css-lkvhr brz-css-gqicb\">\n<div class=\"brz-image css-z5xu2e\"><a class=\"brz-a\" href=\"\/ar\/\" data-brz-link-type=\"external\" data-custom-id=\"bajhiqodxuqiidhhjjcoswmqbozuueshyitp\"><img decoding=\"async\" alt=\"{{ brizy_dc_image_alt uid='wp-f0ad04b952b9bcb4d952d7a6fbb01037' }}\" class=\"brz-img brz-p-absolute\" src=\"{@brizy_SITE_URL_PLACEHOLDER@}\/?brizy_media=wp-f0ad04b952b9bcb4d952d7a6fbb01037&amp;brizy_crop=iW%3D174%26iH%3D35%26oX%3D0%26oY%3D0%26cW%3D174%26cH%3D35&amp;brizy_post=4141\"><\/a><\/div>\n<\/div>\n<\/div>\n<\/div>\n<\/div>\n<\/div>\n<div class=\"brz-columns brz-css-qhgvf brz-css-bhobw\" data-custom-id=\"cwpaidzodjzwybugeoxhhpxayknyneylynmb\">\n<div class=\"brz-bg brz-css-fpqaf brz-css-pcles\">\n<div class=\"brz-bg-content\">\n<div class=\"brz-wrapper-clone brz-css-pugoe\">\n<div class=\"brz-wrapper-clone__wrap brz-css-qetno brz-css-olpai\">\n<div class=\"brz-d-xs-flex brz-flex-xs-wrap brz-css-zklmd brz-css-ydnjm\">\n<div class=\"brz-wrapper-clone__item brz-css-iimdq brz-css-thqxs\" id=\"qnzohdqxdsixqsoegodgosdfbxgvebuoapcl\"><a class=\"brz-a brz-btn brz-css-quyif brz-css-lvkuc\" href=\"https:\/\/www.facebook.com\/search\/top\/?q=budget%20location%20maroc\" target=\"_blank\" data-brz-link-type=\"external\" data-custom-id=\"qnzohdqxdsixqsoegodgosdfbxgvebuoapcl\" rel=\"noopener noreferrer\"><span class=\"brz-span brz-text__editor\"><\/span><\/a><\/div>\n<div class=\"brz-wrapper-clone__item brz-css-iimdq brz-css-thqxs\" id=\"qnooppdmxsbrqwmzjwgdwsrtnzszoxwmofpf\"><a class=\"brz-a brz-btn brz-css-quyif brz-css-vembn\" href=\"https:\/\/app.budget-lld.ma\/\" target=\"_blank\" data-brz-link-type=\"external\" data-custom-id=\"qnooppdmxsbrqwmzjwgdwsrtnzszoxwmofpf\" rel=\"noopener noreferrer\"><span class=\"brz-span brz-text__editor\">\u0641\u0636\u0627\u0621 \u0627\u0644\u0632\u0628\u0646\u0627\u0621<\/span><\/a><\/div>\n<\/div>\n<\/div>\n<\/div>\n<\/div>\n<\/div>\n<\/div>\n<\/div>\n<\/div>\n<\/div>\n<\/div>\n<\/div>\n<\/div>\n<\/div>\n<\/div>\n<\/div>\n<\/section>\n<section id=\"tacsllozbcfvwtraxgftvifcvjwdvmfnopxd\" class=\"brz-section brz-css-oymmj\" data-uid=\"tacsllozbcfvwtraxgftvifcvjwdvmfnopxd\">\n<div class=\"brz-section__items\">\n<div class=\"brz-section__content brz-section--boxed\" data-custom-id=\"hdhauxlilrfygdkkevxvovlijltsvqeuwgvk\">\n<div class=\"brz-bg brz-css-csgai brz-css-lrbht\">\n<div class=\"brz-bg-media\">\n<div class=\"brz-bg-color\"><\/div>\n<\/div>\n<div class=\"brz-bg-content\">\n<div class=\"brz-container__wrap brz-css-isfrc\">\n<div class=\"brz-container brz-css-usjop\">\n<div class=\"brz-row__container brz-css-yylue\" data-custom-id=\"mtvlsbfovmkkuarvplvayibcafouasgdogmy\">\n<div class=\"brz-bg brz-flex-xs-wrap brz-row__bg brz-css-nfojg\">\n<div class=\"brz-bg-content\">\n<div class=\"brz-row brz-css-cvdqp brz-css-qvozg\">\n<div class=\"brz-columns brz-css-qhgvf brz-css-lcrhx\" data-custom-id=\"oewxcdsjgodceymukviurxdfnjuvaexgqeoi\">\n<div class=\"brz-bg brz-css-fpqaf brz-css-pjuha\">\n<div class=\"brz-bg-content\">\n<div class=\"brz-wrapper brz-css-motuk menu_primary_1\">\n<div class=\"brz-d-xs-flex brz-css-lkvhr brz-css-ugzqe\">\n<div class=\"brz-menu-simple css-18km5fg\">\n<div class=\"brz-menu-simple__toggle brz-menu-simple__toggle--tablet brz-menu-simple__toggle--mobile\"><label class=\"brz-menu-simple__icon\" for=\"brz-menu-simple__btn-ylhbz\"><span class=\"brz-menu-simple__icon--bars\"><\/span><\/label><\/p>\n<div>[brizy_navigation name=\u00a0\u00bbprimary_menu\u00a0\u00bb]<\/div>\n<\/div>\n<\/div>\n<\/div>\n<\/div>\n<\/div>\n<\/div>\n<\/div>\n<\/div>\n<\/div>\n<\/div>\n<\/div>\n<\/div>\n<\/div>\n<\/div>\n<\/div>\n<\/div>\n<\/div>\n<\/section>\n<section id=\"gboxtwhbnwsxbepmlwtqasacszxrrkjndsac\" class=\"brz-section brz-css-oymmj brz-css-fuaao\" data-uid=\"gboxtwhbnwsxbepmlwtqasacszxrrkjndsac\">\n<div class=\"brz-section__items\">\n<div class=\"brz-section__content brz-section--boxed\" data-custom-id=\"jqcfmjfdphczgomdkmewarhcwqpwizjvafyd\">\n<div class=\"brz-bg brz-css-csgai brz-css-ryovs\">\n<div class=\"brz-bg-media\">\n<div class=\"brz-bg-color\"><\/div>\n<\/div>\n<div class=\"brz-bg-content\">\n<div class=\"brz-container__wrap brz-css-isfrc\">\n<div class=\"brz-container brz-css-usjop brz-css-yxelf\">\n<div class=\"brz-row__container brz-css-yylue\" data-custom-id=\"yvnjfqkmkwrcdykqwifyzbwfyktzzdgcfcto\">\n<div class=\"brz-bg brz-flex-xs-wrap brz-row__bg brz-css-nfojg\">\n<div class=\"brz-bg-content\">\n<div class=\"brz-row brz-css-cvdqp brz-css-iotfo\">\n<div class=\"brz-columns brz-css-qhgvf brz-css-smdhj\" data-custom-id=\"sqiotbktasitgdzzicdiogveylfelmqjtxug\">\n<div class=\"brz-bg brz-css-fpqaf brz-css-ubkfk\">\n<div class=\"brz-bg-media\">\n<div class=\"brz-bg-image\"><\/div>\n<\/div>\n<div class=\"brz-bg-content\">\n<div class=\"brz-wrapper brz-css-motuk\">\n<div class=\"brz-d-xs-flex brz-css-lkvhr\">\n<div class=\"brz-rich-text\" data-custom-id=\"falczrrolbcmtdcedkqsavizkfnihqksgnof\">\n<p class=\"brz-text-lg-center brz-tp-heading2\"><span>\u062d\u0644 \u0646\u0627\u062c\u0639 \u0644\u0644\u0645\u0642\u0627\u0648\u0644\u0627\u062a<\/span><\/p>\n<\/div>\n<\/div>\n<\/div>\n<\/div>\n<\/div>\n<\/div>\n<\/div>\n<\/div>\n<\/div>\n<\/div>\n<\/div>\n<\/div>\n<\/div>\n<\/div>\n<\/div>\n<\/div>\n<\/section>\n<section id=\"sgtskluprbzyzrplfhytrvxorpgihyaniodc\" class=\"brz-section brz-css-oymmj brz-css-wuymy\" data-uid=\"sgtskluprbzyzrplfhytrvxorpgihyaniodc\">\n<div class=\"brz-section__items\">\n<div class=\"brz-section__content brz-section--fullWidth\" data-custom-id=\"inejwauudhevrzarepiflnbtlyguujhdswyb\">\n<div class=\"brz-bg brz-css-csgai brz-css-lujie\">\n<div class=\"brz-bg-media\">\n<div class=\"brz-bg-color\"><\/div>\n<\/div>\n<div class=\"brz-bg-content\">\n<div class=\"brz-container__wrap brz-css-isfrc brz-css-ltcpj\">\n<div class=\"brz-container brz-css-usjop\">\n<div class=\"brz-row__container brz-css-yylue\" data-custom-id=\"edlyexihloxrblwczugzxttilvyhhnifysdy\">\n<div class=\"brz-bg brz-flex-xs-wrap brz-row__bg brz-css-nfojg\">\n<div class=\"brz-bg-content\">\n<div class=\"brz-row brz-css-cvdqp brz-css-qvozg\">\n<div class=\"brz-columns brz-css-qhgvf brz-css-stsrh\" data-custom-id=\"bdwmjkszyktlukdamwdekbagkudpyzelyaoi\">\n<div class=\"brz-bg brz-css-fpqaf brz-css-jjkze\">\n<div class=\"brz-bg-content\">\n<div class=\"brz-wrapper brz-css-motuk\">\n<div class=\"brz-d-xs-flex brz-css-lkvhr brz-css-jjkdl\">\n<div class=\"brz-image css-18oap30\"><img decoding=\"async\" alt=\"{{ brizy_dc_image_alt uid='wp-e103cc3469e25d3086c3c659355dbdbf' }}\" class=\"brz-img brz-p-absolute\" src=\"{@brizy_SITE_URL_PLACEHOLDER@}\/?brizy_media=wp-e103cc3469e25d3086c3c659355dbdbf&amp;brizy_crop=iW%3D1920%26iH%3D523%26oX%3D0%26oY%3D0%26cW%3D1920%26cH%3D523&amp;brizy_post=4141\"><\/div>\n<\/div>\n<\/div>\n<\/div>\n<\/div>\n<\/div>\n<\/div>\n<\/div>\n<\/div>\n<\/div>\n<\/div>\n<\/div>\n<\/div>\n<\/div>\n<\/div>\n<\/div>\n<\/section>\n<section id=\"wjsgazqbzrfgfixtrzmabzdlvvykjamvkeyr\" class=\"brz-section brz-css-oymmj\" data-uid=\"wjsgazqbzrfgfixtrzmabzdlvvykjamvkeyr\">\n<div class=\"brz-section__items\">\n<div class=\"brz-section__content brz-section--fullWidth\" data-custom-id=\"mwwhchuoxargiosjojkerwnnuwpgjvzlmncn\">\n<div class=\"brz-bg brz-css-csgai brz-css-htxlv\">\n<div class=\"brz-bg-media\">\n<div class=\"brz-bg-color\"><\/div>\n<\/div>\n<div class=\"brz-bg-content\">\n<div class=\"brz-container__wrap brz-css-isfrc brz-css-kavky\">\n<div class=\"brz-container brz-css-usjop\">\n<div class=\"brz-row__container brz-css-yylue\" data-custom-id=\"yedarvulfppykeobaztcnfzpqmiajzrioauy\">\n<div class=\"brz-bg brz-flex-xs-wrap brz-row__bg brz-css-nfojg\">\n<div class=\"brz-bg-content\">\n<div class=\"brz-row brz-css-cvdqp brz-css-uuxzm\">\n<div class=\"brz-columns brz-css-qhgvf brz-css-drkwx\" data-custom-id=\"bvilktiweepwvgyniwhxivxgcxmvthayxpsf\">\n<div class=\"brz-bg brz-css-fpqaf brz-css-doviz\">\n<div class=\"brz-bg-content\">\n<div class=\"brz-row__container brz-css-yylue\" data-custom-id=\"rbbympswdgqnmfheakjizdzsociqwisadcsz\">\n<div class=\"brz-bg brz-flex-xs-wrap brz-row__bg brz-css-nfojg\">\n<div class=\"brz-bg-content\">\n<div class=\"brz-row brz-row--inner brz-css-cvdqp brz-css-qvozg\">\n<div class=\"brz-columns brz-css-qhgvf brz-css-zsjgi\" data-custom-id=\"xgxlsjtseqmduwhsrohutcuvgjbgizbnpxkk\">\n<div class=\"brz-bg brz-css-fpqaf\">\n<div class=\"brz-bg-content\">\n<div class=\"brz-wrapper brz-css-motuk\">\n<div class=\"brz-d-xs-flex brz-css-lkvhr brz-css-jdvwd\">\n<div class=\"brz-rich-text\" data-custom-id=\"chygwzcchjbckaekgizsiujjlqglumavepqp\">\n<p class=\"brz-text-sm-center brz-mb-lg-0 brz-mt-lg-0 brz-tp-paragraph\"><span>\u062a\u0641\u0648\u0636 \u0627\u0644\u0645\u0642\u0627\u0648\u0644\u0627\u062a \u062e\u062f\u0645\u0629 \u0625\u062f\u0627\u0631\u0629 \u0623\u0633\u0637\u0648\u0644 \u0633\u064a\u0627\u0631\u0627\u062a\u0647\u0627 \u0644\u0634\u0631\u0643\u0629 \u062e\u0627\u0635\u0629 \u0641\u064a \u0643\u0631\u0627\u0621 \u0627\u0644\u0633\u064a\u0627\u0631\u0627\u062a. \u0625\u0630 \u0623\u0646 \u0647\u0630\u0647 \u0627\u0644\u0623\u062e\u064a\u0631\u0629 \u062a\u062a\u0643\u0641\u0644 \u0628\u062a\u0645\u0648\u064a\u0644 \u0623\u0633\u0637\u0648\u0644\u0647\u0627 \u0648\u0643\u0630\u0627 \u0627\u0644\u062d\u0631\u0635 \u0639\u0644\u0649 \u0625\u062f\u0627\u0631\u062a\u0647 \u0639\u0644\u0649 \u0627\u0644\u0645\u0633\u062a\u0648\u0649 \u0627\u0644\u0625\u062f\u0627\u0631\u064a \u0648\u0627\u0644\u062a\u0642\u0646\u064a.<\/span><\/p>\n<p class=\"brz-text-sm-center brz-mb-lg-4 brz-mt-lg-0 brz-tp-paragraph\"><span> <\/span><\/p>\n<p class=\"brz-text-sm-center brz-mb-lg-4 brz-mt-lg-0 brz-tp-paragraph\"><span>Le principe de la location longue dur\u00e9e est simple : il s&rsquo;agit pour une entreprise de ne payer que les co\u00fbts li\u00e9s \u00e0 l&rsquo;utilisation de son v\u00e9hicule (choix de la dur\u00e9e et du kilom\u00e9trage). Elle s&rsquo;acquitte en contrepartie d&rsquo;un loyer prenant en compte le loyer financier et le loyer li\u00e9 aux prestations.<\/span><\/p>\n<\/div>\n<\/div>\n<\/div>\n<\/div>\n<\/div>\n<\/div>\n<div class=\"brz-columns brz-css-qhgvf brz-css-kzbas\" data-custom-id=\"uwdzrdtuehccdbuvkfmjmqzpwgrreergeiwl\">\n<div class=\"brz-bg brz-css-fpqaf brz-css-sncjq\">\n<div class=\"brz-bg-content\">\n<div class=\"brz-wrapper brz-css-motuk\">\n<div class=\"brz-d-xs-flex brz-css-lkvhr\">\n<div class=\"brz-image css-bxukop\"><img decoding=\"async\" alt=\"{{ brizy_dc_image_alt uid='wp-a0ffecdb9b78de83ab27fd26c5bde53d' }}\" class=\"brz-img brz-p-absolute\" src=\"{@brizy_SITE_URL_PLACEHOLDER@}\/?brizy_media=wp-a0ffecdb9b78de83ab27fd26c5bde53d&amp;brizy_crop=iW%3D428%26iH%3D399%26oX%3D0%26oY%3D0%26cW%3D428%26cH%3D399&amp;brizy_post=4141\"><\/div>\n<\/div>\n<\/div>\n<\/div>\n<\/div>\n<\/div>\n<\/div>\n<\/div>\n<\/div>\n<\/div>\n<div class=\"brz-wrapper brz-css-motuk\">\n<div class=\"brz-d-xs-flex brz-css-lkvhr brz-css-ypnwz\">\n<div class=\"brz-image css-18oap30\"><img decoding=\"async\" alt=\"{{ brizy_dc_image_alt uid='wp-d4cfc18f39276de9c438086664959d0e' }}\" class=\"brz-img brz-p-absolute\" src=\"{@brizy_SITE_URL_PLACEHOLDER@}\/?brizy_media=wp-d4cfc18f39276de9c438086664959d0e&amp;brizy_crop=iW%3D1920%26iH%3D143%26oX%3D0%26oY%3D0%26cW%3D1920%26cH%3D143&amp;brizy_post=4141\"><\/div>\n<\/div>\n<\/div>\n<\/div>\n<\/div>\n<\/div>\n<\/div>\n<\/div>\n<\/div>\n<\/div>\n<\/div>\n<\/div>\n<\/div>\n<\/div>\n<\/div>\n<\/div>\n<\/section>\n<section id=\"mezawbljjuyxvpeudmyxzpwwnvxgbvmeanww\" class=\"brz-section brz-css-oymmj\" data-uid=\"mezawbljjuyxvpeudmyxzpwwnvxgbvmeanww\">\n<div class=\"brz-section__items\">\n<div class=\"brz-section__content brz-section--boxed\" data-custom-id=\"tkwaohqariszbegyenttalsnvmtnvraxllfh\">\n<div class=\"brz-bg brz-css-csgai brz-css-glnqi\">\n<div class=\"brz-bg-content\">\n<div class=\"brz-container__wrap brz-css-isfrc\">\n<div class=\"brz-container brz-css-usjop\">\n<div class=\"brz-row__container brz-css-yylue\" data-custom-id=\"sivydkwxxbqvlywvuzcspsiguppujkdnhncf\">\n<div class=\"brz-bg brz-flex-xs-wrap brz-row__bg brz-css-nfojg\">\n<div class=\"brz-bg-content\">\n<div class=\"brz-row brz-css-cvdqp brz-css-qvozg\">\n<div class=\"brz-columns brz-css-qhgvf brz-css-lqmvg\" data-custom-id=\"cmrystgwjrvigsphyhcftfljqyqhxksxbihr\">\n<div class=\"brz-bg brz-css-fpqaf brz-css-vghsf\">\n<div class=\"brz-bg-content\">\n<div class=\"brz-wrapper brz-css-motuk\">\n<div class=\"brz-d-xs-flex brz-css-lkvhr brz-css-quuhb\">\n<div class=\"brz-image css-ps0oxs\"><img decoding=\"async\" alt=\"{{ brizy_dc_image_alt uid='wp-dd62f4db53f4f06ddcb65b5332278cf5' }}\" class=\"brz-img brz-p-absolute\" src=\"{@brizy_SITE_URL_PLACEHOLDER@}\/?brizy_media=wp-dd62f4db53f4f06ddcb65b5332278cf5&amp;brizy_crop=iW%3D76%26iH%3D15%26oX%3D0%26oY%3D0%26cW%3D76%26cH%3D15&amp;brizy_post=4141\"><\/div>\n<\/div>\n<\/div>\n<\/div>\n<\/div>\n<\/div>\n<div class=\"brz-columns brz-css-qhgvf brz-css-ghnkb\" data-custom-id=\"mmxfannuomudtsteknraaqbaducpaxauwpnh\">\n<div class=\"brz-bg brz-css-fpqaf\">\n<div class=\"brz-bg-content\">\n<div class=\"brz-wrapper brz-css-motuk\">\n<div class=\"brz-d-xs-flex brz-css-lkvhr brz-css-getyf\">\n<div class=\"brz-rich-text\" data-custom-id=\"tireqcsunhfqkopnauwgrszjxhricgxraovt\">\n<p class=\"brz-fw-xs-im-500 brz-fw-sm-im-400 brz-fw-lg-400 brz-ft-google brz-ff-nunito brz-ls-xs-im-0 brz-ls-sm-im-0 brz-ls-lg-0 brz-lh-xs-im-1_6 brz-lh-sm-im-1_6 brz-lh-lg-1_9 brz-fs-lg-11 brz-fs-sm-im-11 brz-fs-xs-im-11\"><span class=\"brz-cp-color7\">Budget-lld 2020. \u062c\u0645\u064a\u0639 \u0627\u0644\u062d\u0642\u0648\u0642 \u0645\u062d\u0641\u0648\u0638\u0629<\/span><\/p>\n<\/div>\n<\/div>\n<\/div>\n<\/div>\n<\/div>\n<\/div>\n<\/div>\n<\/div>\n<\/div>\n<\/div>\n<\/div>\n<\/div>\n<\/div>\n<\/div>\n<\/div>\n<\/div>\n<\/section>\n<div class=\"brz-root__container-after\"><\/div>\n<\/div>\n<p><!-- t:1611886748 --><\/p>","protected":false},"excerpt":{"rendered":"<p>Du lundi au vendredi de 8h00 \u00e0 18h30 et le samedi matin de 8h30 \u00e0 12h00 &#8211; Appelez le 0520 377 677 pour toutes demandes techniques ou le 0522 97 75 42 pour toute assistance 24h\/24 et 7j\/7 Fran\u00e7ais \u0627\u0644\u0639\u0631\u0628\u064a\u0629 ESPACE CLIENT [brizy_navigation name=\u00a0\u00bbprimary_menu\u00a0\u00bb] Une opportunit\u00e9 pour les entreprises La location longue dur\u00e9e consiste pour [&hellip;]<\/p>","protected":false},"author":1,"featured_media":0,"parent":0,"menu_order":0,"comment_status":"closed","ping_status":"closed","template":"brizy-blank-template.php","meta":{"footnotes":""},"class_list":["post-4141","page","type-page","status-publish","hentry"],"yoast_head":"<!-- This site is optimized with the Yoast SEO plugin v25.4 - https:\/\/yoast.com\/wordpress\/plugins\/seo\/ -->\n<title>Une opportunite pour les entreprises - Budget-LLD<\/title>\n<meta name=\"robots\" content=\"index, follow, max-snippet:-1, max-image-preview:large, max-video-preview:-1\" \/>\n<link rel=\"canonical\" href=\"https:\/\/www.budget-lld.ma\/ar\/une_opportunite_pour_les_entreprises\/\" \/>\n<meta property=\"og:locale\" content=\"ar_AR\" \/>\n<meta property=\"og:type\" content=\"article\" \/>\n<meta property=\"og:title\" content=\"Une opportunite pour les entreprises - Budget-LLD\" \/>\n<meta property=\"og:description\" content=\"Du lundi au vendredi de 8h00 \u00e0 18h30 et le samedi matin de 8h30 \u00e0 12h00 &#8211; Appelez le 0520 377 677 pour toutes demandes techniques ou le 0522 97 75 42 pour toute assistance 24h\/24 et 7j\/7 Fran\u00e7ais \u0627\u0644\u0639\u0631\u0628\u064a\u0629 ESPACE CLIENT [brizy_navigation name=\u00a0\u00bbprimary_menu\u00a0\u00bb] Une opportunit\u00e9 pour les entreprises La location longue dur\u00e9e consiste pour [&hellip;]\" \/>\n<meta property=\"og:url\" content=\"https:\/\/www.budget-lld.ma\/ar\/une_opportunite_pour_les_entreprises\/\" \/>\n<meta property=\"og:site_name\" content=\"Budget-LLD\" \/>\n<meta property=\"article:modified_time\" content=\"2025-07-10T19:34:51+00:00\" \/>\n<meta name=\"twitter:card\" content=\"summary_large_image\" \/>\n<meta name=\"twitter:label1\" content=\"Est. reading time\" \/>\n\t<meta name=\"twitter:data1\" content=\"1 minute\" \/>\n<script type=\"application\/ld+json\" class=\"yoast-schema-graph\">{\"@context\":\"https:\/\/schema.org\",\"@graph\":[{\"@type\":\"WebPage\",\"@id\":\"https:\/\/www.budget-lld.ma\/une_opportunite_pour_les_entreprises\/\",\"url\":\"https:\/\/www.budget-lld.ma\/une_opportunite_pour_les_entreprises\/\",\"name\":\"Une opportunite pour les entreprises - Budget-LLD\",\"isPartOf\":{\"@id\":\"https:\/\/www.budget-lld.ma\/#website\"},\"datePublished\":\"2020-07-02T09:21:10+00:00\",\"dateModified\":\"2025-07-10T19:34:51+00:00\",\"breadcrumb\":{\"@id\":\"https:\/\/www.budget-lld.ma\/une_opportunite_pour_les_entreprises\/#breadcrumb\"},\"inLanguage\":\"ary\",\"potentialAction\":[{\"@type\":\"ReadAction\",\"target\":[\"https:\/\/www.budget-lld.ma\/une_opportunite_pour_les_entreprises\/\"]}]},{\"@type\":\"BreadcrumbList\",\"@id\":\"https:\/\/www.budget-lld.ma\/une_opportunite_pour_les_entreprises\/#breadcrumb\",\"itemListElement\":[{\"@type\":\"ListItem\",\"position\":1,\"name\":\"Accueil\",\"item\":\"https:\/\/www.budget-lld.ma\/\"},{\"@type\":\"ListItem\",\"position\":2,\"name\":\"Une opportunite pour les entreprises\"}]},{\"@type\":\"WebSite\",\"@id\":\"https:\/\/www.budget-lld.ma\/#website\",\"url\":\"https:\/\/www.budget-lld.ma\/\",\"name\":\"Budget-LLD\",\"description\":\"Budget-LLD\",\"potentialAction\":[{\"@type\":\"SearchAction\",\"target\":{\"@type\":\"EntryPoint\",\"urlTemplate\":\"https:\/\/www.budget-lld.ma\/?s={search_term_string}\"},\"query-input\":{\"@type\":\"PropertyValueSpecification\",\"valueRequired\":true,\"valueName\":\"search_term_string\"}}],\"inLanguage\":\"ary\"}]}<\/script>\n<!-- \/ Yoast SEO plugin. -->","yoast_head_json":{"title":"Une opportunite pour les entreprises - Budget-LLD","robots":{"index":"index","follow":"follow","max-snippet":"max-snippet:-1","max-image-preview":"max-image-preview:large","max-video-preview":"max-video-preview:-1"},"canonical":"https:\/\/www.budget-lld.ma\/ar\/une_opportunite_pour_les_entreprises\/","og_locale":"ar_AR","og_type":"article","og_title":"Une opportunite pour les entreprises - Budget-LLD","og_description":"Du lundi au vendredi de 8h00 \u00e0 18h30 et le samedi matin de 8h30 \u00e0 12h00 &#8211; Appelez le 0520 377 677 pour toutes demandes techniques ou le 0522 97 75 42 pour toute assistance 24h\/24 et 7j\/7 Fran\u00e7ais \u0627\u0644\u0639\u0631\u0628\u064a\u0629 ESPACE CLIENT [brizy_navigation name=\u00a0\u00bbprimary_menu\u00a0\u00bb] Une opportunit\u00e9 pour les entreprises La location longue dur\u00e9e consiste pour [&hellip;]","og_url":"https:\/\/www.budget-lld.ma\/ar\/une_opportunite_pour_les_entreprises\/","og_site_name":"Budget-LLD","article_modified_time":"2025-07-10T19:34:51+00:00","twitter_card":"summary_large_image","twitter_misc":{"Est. reading time":"1 minute"},"schema":{"@context":"https:\/\/schema.org","@graph":[{"@type":"WebPage","@id":"https:\/\/www.budget-lld.ma\/une_opportunite_pour_les_entreprises\/","url":"https:\/\/www.budget-lld.ma\/une_opportunite_pour_les_entreprises\/","name":"Une opportunite pour les entreprises - Budget-LLD","isPartOf":{"@id":"https:\/\/www.budget-lld.ma\/#website"},"datePublished":"2020-07-02T09:21:10+00:00","dateModified":"2025-07-10T19:34:51+00:00","breadcrumb":{"@id":"https:\/\/www.budget-lld.ma\/une_opportunite_pour_les_entreprises\/#breadcrumb"},"inLanguage":"ary","potentialAction":[{"@type":"ReadAction","target":["https:\/\/www.budget-lld.ma\/une_opportunite_pour_les_entreprises\/"]}]},{"@type":"BreadcrumbList","@id":"https:\/\/www.budget-lld.ma\/une_opportunite_pour_les_entreprises\/#breadcrumb","itemListElement":[{"@type":"ListItem","position":1,"name":"Accueil","item":"https:\/\/www.budget-lld.ma\/"},{"@type":"ListItem","position":2,"name":"Une opportunite pour les entreprises"}]},{"@type":"WebSite","@id":"https:\/\/www.budget-lld.ma\/#website","url":"https:\/\/www.budget-lld.ma\/","name":"Budget-LLD","description":"Budget-LLD","potentialAction":[{"@type":"SearchAction","target":{"@type":"EntryPoint","urlTemplate":"https:\/\/www.budget-lld.ma\/?s={search_term_string}"},"query-input":{"@type":"PropertyValueSpecification","valueRequired":true,"valueName":"search_term_string"}}],"inLanguage":"ary"}]}},"_links":{"self":[{"href":"https:\/\/www.budget-lld.ma\/ar\/wp-json\/wp\/v2\/pages\/4141","targetHints":{"allow":["GET"]}}],"collection":[{"href":"https:\/\/www.budget-lld.ma\/ar\/wp-json\/wp\/v2\/pages"}],"about":[{"href":"https:\/\/www.budget-lld.ma\/ar\/wp-json\/wp\/v2\/types\/page"}],"author":[{"embeddable":true,"href":"https:\/\/www.budget-lld.ma\/ar\/wp-json\/wp\/v2\/users\/1"}],"replies":[{"embeddable":true,"href":"https:\/\/www.budget-lld.ma\/ar\/wp-json\/wp\/v2\/comments?post=4141"}],"version-history":[{"count":30,"href":"https:\/\/www.budget-lld.ma\/ar\/wp-json\/wp\/v2\/pages\/4141\/revisions"}],"predecessor-version":[{"id":13937,"href":"https:\/\/www.budget-lld.ma\/ar\/wp-json\/wp\/v2\/pages\/4141\/revisions\/13937"}],"wp:attachment":[{"href":"https:\/\/www.budget-lld.ma\/ar\/wp-json\/wp\/v2\/media?parent=4141"}],"curies":[{"name":"wp","href":"https:\/\/api.w.org\/{rel}","templated":true}]}}