{"id":6498,"date":"2020-07-02T18:09:01","date_gmt":"2020-07-02T16:09:01","guid":{"rendered":"http:\/\/bdgt-lld.creasouk.com\/?page_id=6498"},"modified":"2025-07-10T19:05:12","modified_gmt":"2025-07-10T18:05:12","slug":"reseau_garagistes","status":"publish","type":"page","link":"https:\/\/www.budget-lld.ma\/ar\/reseau_garagistes\/","title":{"rendered":"\u0634\u0628\u0643\u0629 \u0645\u0646 \u0627\u0644\u0645\u0631\u0627\u0626\u0628 \u0627\u0644\u0645\u0639\u062a\u0645\u062f\u0629"},"content":{"rendered":"<div class=\"brz-root__container brz-reset-all\">\n<section id=\"tuhkrjbpknlwvyaqdrhtuadbqidopvsjviau\" class=\"brz-section brz-css-cljjs\" data-uid=\"tuhkrjbpknlwvyaqdrhtuadbqidopvsjviau\">\n<div class=\"brz-section__items\">\n<div class=\"brz-section__content brz-section--fullWidth\" data-custom-id=\"tnwrweusyssezbufvmthatfahnimoualmerd\">\n<div class=\"brz-bg brz-css-mebcu brz-css-xzueq\">\n<div class=\"brz-bg-media\">\n<div class=\"brz-bg-color\"><\/div>\n<\/div>\n<div class=\"brz-bg-content\">\n<div class=\"brz-container__wrap brz-css-nbgjv brz-css-wswit\">\n<div class=\"brz-container brz-css-ghdle\">\n<div class=\"brz-row__container brz-css-ggcwn\" data-custom-id=\"eujkchfovqsmvwsfqccfuuownmartoegiyaj\">\n<div class=\"brz-bg brz-flex-xs-wrap brz-row__bg brz-css-ozugz\">\n<div class=\"brz-bg-content\">\n<div class=\"brz-row brz-css-uthxt brz-css-vruln\">\n<div class=\"brz-columns brz-css-gjvfu brz-css-lexvs\" data-custom-id=\"sadpgteewpvrlprtlveuqhdbcywpfrglxfmo\">\n<div class=\"brz-bg brz-css-qricw brz-css-gohto\">\n<div class=\"brz-bg-content\">\n<div class=\"brz-row__container brz-css-ggcwn\" data-custom-id=\"frvznmyibpyecuttcrxpoauweokaclkzlzih\">\n<div class=\"brz-bg brz-flex-xs-wrap brz-row__bg brz-css-ozugz\">\n<div class=\"brz-bg-content\">\n<div class=\"brz-row brz-row--inner brz-css-uthxt brz-css-vruln\">\n<div class=\"brz-columns brz-css-gjvfu brz-css-qftak\" data-custom-id=\"sxawwllwgctlxcjvaquvjtlgsfrvrqjpvclx\">\n<div class=\"brz-bg brz-css-qricw brz-css-cacpb\">\n<div class=\"brz-bg-content\">\n<div class=\"brz-wrapper brz-css-ptcpq\">\n<div class=\"brz-d-xs-flex brz-css-iimrc brz-css-ektdn\">\n<div class=\"brz-wp-shortcode brz-css-qiyou\" data-custom-id=\"maidtpllkmvfkmgqeturyakyhdzwplxxhwsi\">\n<div>\n<p style=\"color: #eb5623;font-size: 13px;margin-top: 0;margin-bottom: 0\">Du lundi au vendredi de 8h00 \u00e0 18h30 et le samedi matin de 8h30 \u00e0 12h00 &#8211; Appelez le <strong>0520 377 677<\/strong> pour toutes demandes techniques ou le <strong>0522 97 75 42<\/strong> \u0644\u0637\u0644\u0628 \u0627\u0644\u0645\u0633\u0627\u0639\u062f\u0629 24 \u0633\u0627\u0639\u0629 \u0639\u0644\u0649 24 \u0637\u064a\u0644\u0629 \u0623\u064a\u0627\u0645 \u0627\u0644\u0623\u0633\u0628\u0648\u0639.<\/p>\n<\/div>\n<\/div>\n<\/div>\n<\/div>\n<\/div>\n<\/div>\n<\/div>\n<div class=\"brz-columns brz-css-gjvfu brz-css-llkna\" data-custom-id=\"mofulrdjexblmfwhgfyiehkgyavtlkkurshr\">\n<div class=\"brz-bg brz-css-qricw brz-css-ovhwc\">\n<div class=\"brz-bg-content\">\n<div class=\"brz-wrapper-clone brz-css-glsaj\">\n<div class=\"brz-wrapper-clone__wrap brz-css-cduel brz-css-mdica\">\n<div class=\"brz-d-xs-flex brz-flex-xs-wrap brz-css-jjwzg brz-css-sbwxi\">\n<div class=\"brz-wrapper-clone__item brz-css-mikdr brz-css-svopv\" id=\"ogtkhhpwidzgmyovhgexjjbmhbeipizbqkju\"><a class=\"brz-a brz-btn brz-css-ldofq brz-css-dbkli\" href=\"{@brizy_SITE_URL_PLACEHOLDER@}\/..\/..\/\" data-brz-link-type=\"external\" data-custom-id=\"ogtkhhpwidzgmyovhgexjjbmhbeipizbqkju\"><span class=\"brz-span brz-text__editor\">Fran\u00e7ais<\/span><\/a><\/div>\n<div class=\"brz-wrapper-clone__item brz-css-mikdr brz-css-svopv\" id=\"jzzqefkjgjwjdhvpyrqvztkdtkababjejstz\"><a class=\"brz-a brz-btn brz-css-ldofq brz-css-yxhox\" href=\"\/ar\" data-brz-link-type=\"external\" data-custom-id=\"jzzqefkjgjwjdhvpyrqvztkdtkababjejstz\"><span class=\"brz-span brz-text__editor\">\u0627\u0644\u0639\u0631\u0628\u064a\u0629<\/span><\/a><\/div>\n<\/div>\n<\/div>\n<\/div>\n<\/div>\n<\/div>\n<\/div>\n<\/div>\n<\/div>\n<\/div>\n<\/div>\n<\/div>\n<\/div>\n<\/div>\n<\/div>\n<\/div>\n<\/div>\n<\/div>\n<\/div>\n<\/div>\n<\/div>\n<\/div>\n<\/div>\n<\/div>\n<\/section>\n<section id=\"betuegwackshvwoxdcqqmtatylepesvupias\" class=\"brz-section brz-section__header brz-css-oumlj\" data-uid=\"betuegwackshvwoxdcqqmtatylepesvupias\">\n<div class=\"brz-section__menu-item\" data-custom-id=\"iedfhawjcpzkiypeyjqjinlhrozmygookkig\">\n<div class=\"brz-bg brz-css-raxhm brz-css-ortln\">\n<div class=\"brz-bg-media\">\n<div class=\"brz-bg-color\"><\/div>\n<\/div>\n<div class=\"brz-bg-content\">\n<div class=\"brz-container__wrap brz-css-drjfe\">\n<div class=\"brz-container brz-css-sexrq\">\n<div class=\"brz-row__container brz-css-ggcwn\" data-custom-id=\"oooimscgfphuuyqhjkmnepuiujbzkayjwwll\">\n<div class=\"brz-bg brz-flex-xs-wrap brz-row__bg brz-css-ozugz\">\n<div class=\"brz-bg-content\">\n<div class=\"brz-row brz-css-uthxt brz-css-zilml\">\n<div class=\"brz-columns brz-css-gjvfu brz-css-qeidw\" data-custom-id=\"rhqdbhztmdehwdqyxzqhebqvruzqbuxkduxl\">\n<div class=\"brz-bg brz-css-qricw brz-css-houxn\">\n<div class=\"brz-bg-content\">\n<div class=\"brz-wrapper brz-css-ptcpq\">\n<div class=\"brz-d-xs-flex brz-css-iimrc brz-css-vawjx\">\n<div class=\"brz-image css-z5xu2e\"><a class=\"brz-a\" href=\"\/ar\/\" data-brz-link-type=\"external\" data-custom-id=\"bajhiqodxuqiidhhjjcoswmqbozuueshyitp\"><img decoding=\"async\" alt=\"{{ brizy_dc_image_alt uid='wp-f0ad04b952b9bcb4d952d7a6fbb01037' }}\" class=\"brz-img brz-p-absolute\" src=\"{@brizy_SITE_URL_PLACEHOLDER@}\/?brizy_media=wp-f0ad04b952b9bcb4d952d7a6fbb01037&amp;brizy_crop=iW%3D174%26iH%3D35%26oX%3D0%26oY%3D0%26cW%3D174%26cH%3D35&amp;brizy_post=6498\"><\/a><\/div>\n<\/div>\n<\/div>\n<\/div>\n<\/div>\n<\/div>\n<div class=\"brz-columns brz-css-gjvfu brz-css-nnzjq\" data-custom-id=\"cwpaidzodjzwybugeoxhhpxayknyneylynmb\">\n<div class=\"brz-bg brz-css-qricw brz-css-kxxss\">\n<div class=\"brz-bg-content\">\n<div class=\"brz-wrapper-clone brz-css-glsaj\">\n<div class=\"brz-wrapper-clone__wrap brz-css-cduel brz-css-pslei\">\n<div class=\"brz-d-xs-flex brz-flex-xs-wrap brz-css-jjwzg brz-css-ybduo\">\n<div class=\"brz-wrapper-clone__item brz-css-mikdr brz-css-ttows\" id=\"qnzohdqxdsixqsoegodgosdfbxgvebuoapcl\"><a class=\"brz-a brz-btn brz-css-ldofq brz-css-qxzan\" href=\"https:\/\/www.facebook.com\/search\/top\/?q=budget%20location%20maroc\" target=\"_blank\" data-brz-link-type=\"external\" data-custom-id=\"qnzohdqxdsixqsoegodgosdfbxgvebuoapcl\" rel=\"noopener noreferrer\"><span class=\"brz-span brz-text__editor\"><\/span><\/a><\/div>\n<div class=\"brz-wrapper-clone__item brz-css-mikdr brz-css-ttows\" id=\"qnooppdmxsbrqwmzjwgdwsrtnzszoxwmofpf\"><a class=\"brz-a brz-btn brz-css-ldofq brz-css-hxqvp\" href=\"https:\/\/app.budget-lld.ma\/\" target=\"_blank\" data-brz-link-type=\"external\" data-custom-id=\"qnooppdmxsbrqwmzjwgdwsrtnzszoxwmofpf\" rel=\"noopener noreferrer\"><span class=\"brz-span brz-text__editor\">\u0641\u0636\u0627\u0621 \u0627\u0644\u0632\u0628\u0646\u0627\u0621<\/span><\/a><\/div>\n<\/div>\n<\/div>\n<\/div>\n<\/div>\n<\/div>\n<\/div>\n<\/div>\n<\/div>\n<\/div>\n<\/div>\n<\/div>\n<\/div>\n<\/div>\n<\/div>\n<\/div>\n<\/section>\n<section id=\"tacsllozbcfvwtraxgftvifcvjwdvmfnopxd\" class=\"brz-section brz-css-cljjs\" data-uid=\"tacsllozbcfvwtraxgftvifcvjwdvmfnopxd\">\n<div class=\"brz-section__items\">\n<div class=\"brz-section__content brz-section--boxed\" data-custom-id=\"hdhauxlilrfygdkkevxvovlijltsvqeuwgvk\">\n<div class=\"brz-bg brz-css-mebcu brz-css-ezlwv\">\n<div class=\"brz-bg-media\">\n<div class=\"brz-bg-color\"><\/div>\n<\/div>\n<div class=\"brz-bg-content\">\n<div class=\"brz-container__wrap brz-css-nbgjv\">\n<div class=\"brz-container brz-css-ghdle\">\n<div class=\"brz-row__container brz-css-ggcwn\" data-custom-id=\"mtvlsbfovmkkuarvplvayibcafouasgdogmy\">\n<div class=\"brz-bg brz-flex-xs-wrap brz-row__bg brz-css-ozugz\">\n<div class=\"brz-bg-content\">\n<div class=\"brz-row brz-css-uthxt brz-css-vruln\">\n<div class=\"brz-columns brz-css-gjvfu brz-css-wsksz\" data-custom-id=\"oewxcdsjgodceymukviurxdfnjuvaexgqeoi\">\n<div class=\"brz-bg brz-css-qricw brz-css-sksqk\">\n<div class=\"brz-bg-content\">\n<div class=\"brz-wrapper brz-css-ptcpq menu_primary_1\">\n<div class=\"brz-d-xs-flex brz-css-iimrc brz-css-hzgvm\">\n<div class=\"brz-menu-simple css-18km5fg\">\n<div class=\"brz-menu-simple__toggle brz-menu-simple__toggle--tablet brz-menu-simple__toggle--mobile\"><label class=\"brz-menu-simple__icon\" for=\"brz-menu-simple__btn-ylhbz\"><span class=\"brz-menu-simple__icon--bars\"><\/span><\/label><\/p>\n<div>[brizy_navigation name=\u00a0\u00bbprimary_menu\u00a0\u00bb]<\/div>\n<\/div>\n<\/div>\n<\/div>\n<\/div>\n<\/div>\n<\/div>\n<\/div>\n<\/div>\n<\/div>\n<\/div>\n<\/div>\n<\/div>\n<\/div>\n<\/div>\n<\/div>\n<\/div>\n<\/div>\n<\/section>\n<section id=\"oifexlhblmwbylqutxwsrwdpqykxqgkggizq\" class=\"brz-section brz-css-cljjs\" data-uid=\"oifexlhblmwbylqutxwsrwdpqykxqgkggizq\">\n<div class=\"brz-section__items\">\n<div class=\"brz-section__content brz-section--boxed\" data-custom-id=\"ctfzuzwhpwfgequqppzqceffcvstehzifhja\">\n<div class=\"brz-bg brz-css-mebcu brz-css-wjxmo\">\n<div class=\"brz-bg-media\">\n<div class=\"brz-bg-color\"><\/div>\n<\/div>\n<div class=\"brz-bg-content\">\n<div class=\"brz-container__wrap brz-css-nbgjv\">\n<div class=\"brz-container brz-css-ghdle\">\n<div class=\"brz-row__container brz-css-ggcwn\" data-custom-id=\"vyfrjostjozsjlkgqmheqqsariovizemtkkg\">\n<div class=\"brz-bg brz-flex-xs-wrap brz-row__bg brz-css-ozugz\">\n<div class=\"brz-bg-content\">\n<div class=\"brz-row brz-css-uthxt brz-css-emjno\">\n<div class=\"brz-columns brz-css-gjvfu brz-css-syfgg\" data-custom-id=\"kdjexvtzzmdiatvinweayqceawnswbiadypq\">\n<div class=\"brz-bg brz-css-qricw brz-css-sfysb\">\n<div class=\"brz-bg-media\">\n<div class=\"brz-bg-image\"><\/div>\n<\/div>\n<div class=\"brz-bg-content\">\n<div class=\"brz-wrapper brz-css-ptcpq\">\n<div class=\"brz-d-xs-flex brz-css-iimrc brz-css-sbslw\">\n<div class=\"brz-rich-text\" data-custom-id=\"saimtlccmyyehurmxmizhysigvtuobfrvjxf\">\n<h1 class=\"brz-text-lg-center brz-mt-lg-40 brz-mb-lg-41 brz-lh-lg-1_4 brz-lh-sm-im-1_3 brz-lh-xs-im-1_3 brz-fs-lg-28 brz-fs-sm-im-27 brz-fs-xs-im-23 brz-ls-lg-m_0_5 brz-ls-sm-im-m_0_5 brz-ls-xs-im-m_0_5 brz-ff-nunito brz-ft-google brz-fw-lg-700 brz-fw-sm-im-400 brz-fw-xs-im-400\"><span>\u0634\u0628\u0643\u0629 \u0645\u0646 \u0627\u0644\u0645\u0631\u0627\u0626\u0628 \u0627\u0644\u0645\u0639\u062a\u0645\u062f\u0629<\/span><\/h1>\n<\/div>\n<\/div>\n<\/div>\n<\/div>\n<\/div>\n<\/div>\n<\/div>\n<\/div>\n<\/div>\n<\/div>\n<\/div>\n<\/div>\n<\/div>\n<\/div>\n<\/div>\n<\/div>\n<\/section>\n<section id=\"sgiifnvotfxxkatkgtvtbfxtnglpfxqfyazm\" class=\"brz-section brz-css-cljjs brz-css-weizl\" data-uid=\"sgiifnvotfxxkatkgtvtbfxtnglpfxqfyazm\">\n<div class=\"brz-section__items\">\n<div class=\"brz-section__content brz-section--fullWidth\" data-custom-id=\"zebuiqutgtsijrluxbreeagtlxuuevicvifa\">\n<div class=\"brz-bg brz-css-mebcu brz-css-mnprg\">\n<div class=\"brz-bg-content\">\n<div class=\"brz-container__wrap brz-css-nbgjv brz-css-mxxsk\">\n<div class=\"brz-container brz-css-ghdle\">\n<div class=\"brz-row__container brz-css-ggcwn\" data-custom-id=\"fbqmlfstqrzsccjaisbnnxpifgcgtjgtevzy\">\n<div class=\"brz-bg brz-flex-xs-wrap brz-row__bg brz-css-ozugz\">\n<div class=\"brz-bg-content\">\n<div class=\"brz-row brz-css-uthxt brz-css-vruln\">\n<div class=\"brz-columns brz-css-gjvfu brz-css-fozhr\" data-custom-id=\"dppdwhhxqclwsaxiawjkigdwqzhwjvmbfsfi\">\n<div class=\"brz-bg brz-css-qricw brz-css-lwhfg\">\n<div class=\"brz-bg-content\">\n<div class=\"brz-wrapper brz-css-ptcpq\">\n<div class=\"brz-d-xs-flex brz-css-iimrc brz-css-jmzib\">\n<div class=\"brz-image css-18oap30\"><img decoding=\"async\" alt=\"{{ brizy_dc_image_alt uid='wp-667e21a87232ad431c54ff505f8103ec' }}\" class=\"brz-img brz-p-absolute\" src=\"{@brizy_SITE_URL_PLACEHOLDER@}\/?brizy_media=wp-667e21a87232ad431c54ff505f8103ec&amp;brizy_crop=iW%3D1920%26iH%3D523%26oX%3D0%26oY%3D0%26cW%3D1920%26cH%3D523&amp;brizy_post=6498\"><\/div>\n<\/div>\n<\/div>\n<\/div>\n<\/div>\n<\/div>\n<\/div>\n<\/div>\n<\/div>\n<\/div>\n<\/div>\n<\/div>\n<\/div>\n<\/div>\n<\/div>\n<\/div>\n<\/section>\n<section id=\"wjsgazqbzrfgfixtrzmabzdlvvykjamvkeyr\" class=\"brz-section brz-css-cljjs brz-css-aqobi\" data-uid=\"wjsgazqbzrfgfixtrzmabzdlvvykjamvkeyr\">\n<div class=\"brz-section__items\">\n<div class=\"brz-section__content brz-section--fullWidth\" data-custom-id=\"mwwhchuoxargiosjojkerwnnuwpgjvzlmncn\">\n<div class=\"brz-bg brz-css-mebcu brz-css-amxmp\">\n<div class=\"brz-bg-media\">\n<div class=\"brz-bg-color\"><\/div>\n<\/div>\n<div class=\"brz-bg-content\">\n<div class=\"brz-container__wrap brz-css-nbgjv brz-css-hpuhs\">\n<div class=\"brz-container brz-css-ghdle\">\n<div class=\"brz-row__container brz-css-ggcwn\" data-custom-id=\"yedarvulfppykeobaztcnfzpqmiajzrioauy\">\n<div class=\"brz-bg brz-flex-xs-wrap brz-row__bg brz-css-ozugz\">\n<div class=\"brz-bg-content\">\n<div class=\"brz-row brz-css-uthxt brz-css-ixvrc\">\n<div class=\"brz-columns brz-css-gjvfu brz-css-wtpce\" data-custom-id=\"bvilktiweepwvgyniwhxivxgcxmvthayxpsf\">\n<div class=\"brz-bg brz-css-qricw brz-css-wmeps\">\n<div class=\"brz-bg-content\">\n<div class=\"brz-row__container brz-css-ggcwn\" data-custom-id=\"rbbympswdgqnmfheakjizdzsociqwisadcsz\">\n<div class=\"brz-bg brz-flex-xs-wrap brz-row__bg brz-css-ozugz\">\n<div class=\"brz-bg-content\">\n<div class=\"brz-row brz-row--inner brz-css-uthxt brz-css-vruln\">\n<div class=\"brz-columns brz-css-gjvfu brz-css-yqkil\" data-custom-id=\"xgxlsjtseqmduwhsrohutcuvgjbgizbnpxkk\">\n<div class=\"brz-bg brz-css-qricw\">\n<div class=\"brz-bg-content\">\n<div class=\"brz-wrapper brz-css-ptcpq\">\n<div class=\"brz-d-xs-flex brz-css-iimrc brz-css-xeocq\">\n<div class=\"brz-rich-text\" data-custom-id=\"chygwzcchjbckaekgizsiujjlqglumavepqp\">\n<p class=\"brz-lh-sm-im-1_9 brz-lh-lg-1_8 brz-mt-lg-0 brz-mb-lg-4 brz-text-sm-center brz-ls-lg-0 brz-ls-sm-im-0 brz-ls-xs-im-0 brz-text-xs-justify brz-lh-xs-1_6 brz-fs-xs-17 brz-fs-lg-18 brz-fs-sm-im-19 brz-ff-nunito brz-ft-google brz-fw-lg-400 brz-fw-sm-im-400 brz-fw-xs-im-400\"><span class=\"brz-cp-color2\">O\u00f9 que vous soyez, vous pouvez b\u00e9n\u00e9ficier de l&rsquo;entretien ou de la r\u00e9paration de votre v\u00e9hicule. Nous disposons d&rsquo;un r\u00e9seau de garagistes agr\u00e9\u00e9s sur toutes les villes du Maroc pour vous garantir la mobilit\u00e9 permanente ind\u00e9pendamment de votre lieu de circulation. Tous nos garagistes agr\u00e9\u00e9s vous assurent un accueil privil\u00e9gi\u00e9 et une intervention rapide. Leur service garantit une grande qualit\u00e9 et un excellent suivi.<\/span><\/p>\n<\/div>\n<\/div>\n<\/div>\n<\/div>\n<\/div>\n<\/div>\n<div class=\"brz-columns brz-css-gjvfu brz-css-vwomz\" data-custom-id=\"uwdzrdtuehccdbuvkfmjmqzpwgrreergeiwl\">\n<div class=\"brz-bg brz-css-qricw brz-css-foqwr\">\n<div class=\"brz-bg-content\">\n<div class=\"brz-wrapper brz-css-ptcpq\">\n<div class=\"brz-d-xs-flex brz-css-iimrc\">\n<div class=\"brz-image css-t2s47x\"><img decoding=\"async\" alt=\"{{ brizy_dc_image_alt uid='wp-8b1e27cda640ffb737f4768e8724d049' }}\" class=\"brz-img brz-p-absolute\" src=\"{@brizy_SITE_URL_PLACEHOLDER@}\/?brizy_media=wp-8b1e27cda640ffb737f4768e8724d049&amp;brizy_crop=iW%3D391%26iH%3D338%26oX%3D0%26oY%3D0%26cW%3D391%26cH%3D338&amp;brizy_post=6498\"><\/div>\n<\/div>\n<\/div>\n<\/div>\n<\/div>\n<\/div>\n<\/div>\n<\/div>\n<\/div>\n<\/div>\n<div class=\"brz-wrapper brz-css-ptcpq\">\n<div class=\"brz-d-xs-flex brz-css-iimrc brz-css-arlbs\">\n<div class=\"brz-image css-18oap30\"><img decoding=\"async\" alt=\"{{ brizy_dc_image_alt uid='wp-58a096eb8094b3f676bcb14b66025bef' }}\" class=\"brz-img brz-p-absolute\" src=\"{@brizy_SITE_URL_PLACEHOLDER@}\/?brizy_media=wp-58a096eb8094b3f676bcb14b66025bef&amp;brizy_crop=iW%3D1920%26iH%3D148%26oX%3D0%26oY%3D3%26cW%3D1920%26cH%3D142&amp;brizy_post=6498\"><\/div>\n<\/div>\n<\/div>\n<\/div>\n<\/div>\n<\/div>\n<\/div>\n<\/div>\n<\/div>\n<\/div>\n<\/div>\n<\/div>\n<\/div>\n<\/div>\n<\/div>\n<\/div>\n<\/section>\n<section id=\"ktgvlfwsfolsqwolydqlmsfcelbqeoiuasra\" class=\"brz-section brz-css-cljjs brz-css-homvo\" data-uid=\"ktgvlfwsfolsqwolydqlmsfcelbqeoiuasra\">\n<div class=\"brz-section__items\">\n<div class=\"brz-section__content brz-section--fullWidth\" data-custom-id=\"mvzfxnlveecuokebvqmnqdzcwjawipoxzjik\">\n<div class=\"brz-bg brz-css-mebcu brz-css-etsez\">\n<div class=\"brz-bg-media\">\n<div class=\"brz-bg-color\"><\/div>\n<\/div>\n<div class=\"brz-bg-content\">\n<div class=\"brz-container__wrap brz-css-nbgjv brz-css-otdun\">\n<div class=\"brz-container brz-css-ghdle\">\n<div class=\"brz-row__container brz-css-ggcwn\" data-custom-id=\"yzpkifsahnvjryyikhrsdzfgoenbzxfqorrn\">\n<div class=\"brz-bg brz-flex-xs-wrap brz-row__bg brz-css-ozugz\">\n<div class=\"brz-bg-content\">\n<div class=\"brz-row brz-css-uthxt brz-css-jmrom\">\n<div class=\"brz-columns brz-css-gjvfu brz-css-ilzrb\" data-custom-id=\"jcbpxpkhadyhuwnedjymhsqoqhygeegdlfbq\">\n<div class=\"brz-bg brz-css-qricw brz-css-jkhrv\">\n<div class=\"brz-bg-content\">\n<div class=\"brz-wrapper brz-css-ptcpq\">\n<div class=\"brz-d-xs-flex brz-css-iimrc\">\n<div class=\"brz-image css-d0zh2w\"><img decoding=\"async\" alt=\"{{ brizy_dc_image_alt uid='wp-7e5b0bfe2fe041ed497d50f8a5e3bb5a' }}\" class=\"brz-img brz-p-absolute\" src=\"{@brizy_SITE_URL_PLACEHOLDER@}\/?brizy_media=wp-7e5b0bfe2fe041ed497d50f8a5e3bb5a&amp;brizy_crop=iW%3D749%26iH%3D759%26oX%3D0%26oY%3D0%26cW%3D749%26cH%3D759&amp;brizy_post=6498\"><\/div>\n<\/div>\n<\/div>\n<div class=\"brz-wrapper brz-css-ptcpq\">\n<div class=\"brz-d-xs-flex brz-css-iimrc brz-css-lsmrq\">\n<div class=\"brz-image css-18oap30\"><img decoding=\"async\" alt=\"{{ brizy_dc_image_alt uid='wp-131523a8b9a441903538f195668a618b' }}\" class=\"brz-img brz-p-absolute\" src=\"{@brizy_SITE_URL_PLACEHOLDER@}\/?brizy_media=wp-131523a8b9a441903538f195668a618b&amp;brizy_crop=iW%3D1920%26iH%3D145%26oX%3D0%26oY%3D0%26cW%3D1920%26cH%3D145&amp;brizy_post=6498\"><\/div>\n<\/div>\n<\/div>\n<\/div>\n<\/div>\n<\/div>\n<\/div>\n<\/div>\n<\/div>\n<\/div>\n<\/div>\n<\/div>\n<\/div>\n<\/div>\n<\/div>\n<\/div>\n<\/section>\n<section id=\"enqwxjstckgnkxpnsqyuhoootdhudsdjhmgs\" class=\"brz-section brz-css-cljjs\" data-uid=\"enqwxjstckgnkxpnsqyuhoootdhudsdjhmgs\">\n<div class=\"brz-section__items\">\n<div class=\"brz-section__content brz-section--boxed\" data-custom-id=\"tkwaohqariszbegyenttalsnvmtnvraxllfh\">\n<div class=\"brz-bg brz-css-mebcu brz-css-uiwai\">\n<div class=\"brz-bg-content\">\n<div class=\"brz-container__wrap brz-css-nbgjv\">\n<div class=\"brz-container brz-css-ghdle\">\n<div class=\"brz-row__container brz-css-ggcwn\" data-custom-id=\"sivydkwxxbqvlywvuzcspsiguppujkdnhncf\">\n<div class=\"brz-bg brz-flex-xs-wrap brz-row__bg brz-css-ozugz\">\n<div class=\"brz-bg-content\">\n<div class=\"brz-row brz-css-uthxt brz-css-vruln\">\n<div class=\"brz-columns brz-css-gjvfu brz-css-dnsle\" data-custom-id=\"cmrystgwjrvigsphyhcftfljqyqhxksxbihr\">\n<div class=\"brz-bg brz-css-qricw brz-css-upanc\">\n<div class=\"brz-bg-content\">\n<div class=\"brz-wrapper brz-css-ptcpq\">\n<div class=\"brz-d-xs-flex brz-css-iimrc brz-css-hxhqi\">\n<div class=\"brz-image css-ps0oxs\"><img decoding=\"async\" alt=\"{{ brizy_dc_image_alt uid='wp-dd62f4db53f4f06ddcb65b5332278cf5' }}\" class=\"brz-img brz-p-absolute\" src=\"{@brizy_SITE_URL_PLACEHOLDER@}\/?brizy_media=wp-dd62f4db53f4f06ddcb65b5332278cf5&amp;brizy_crop=iW%3D76%26iH%3D15%26oX%3D0%26oY%3D0%26cW%3D76%26cH%3D15&amp;brizy_post=6498\"><\/div>\n<\/div>\n<\/div>\n<\/div>\n<\/div>\n<\/div>\n<div class=\"brz-columns brz-css-gjvfu brz-css-jzgtv\" data-custom-id=\"mmxfannuomudtsteknraaqbaducpaxauwpnh\">\n<div class=\"brz-bg brz-css-qricw\">\n<div class=\"brz-bg-content\">\n<div class=\"brz-wrapper brz-css-ptcpq\">\n<div class=\"brz-d-xs-flex brz-css-iimrc brz-css-bfgdh\">\n<div class=\"brz-rich-text\" data-custom-id=\"tireqcsunhfqkopnauwgrszjxhricgxraovt\">\n<p class=\"brz-fw-xs-im-500 brz-fw-sm-im-400 brz-fw-lg-400 brz-ft-google brz-ff-nunito brz-ls-xs-im-0 brz-ls-sm-im-0 brz-ls-lg-0 brz-lh-xs-im-1_6 brz-lh-sm-im-1_6 brz-lh-lg-1_9 brz-fs-lg-11 brz-fs-sm-im-11 brz-fs-xs-im-11\"><span class=\"brz-cp-color7\">Budget-lld 2020. \u062c\u0645\u064a\u0639 \u0627\u0644\u062d\u0642\u0648\u0642 \u0645\u062d\u0641\u0648\u0638\u0629<\/span><\/p>\n<\/div>\n<\/div>\n<\/div>\n<\/div>\n<\/div>\n<\/div>\n<\/div>\n<\/div>\n<\/div>\n<\/div>\n<\/div>\n<\/div>\n<\/div>\n<\/div>\n<\/div>\n<\/div>\n<\/section>\n<div class=\"brz-root__container-after\"><\/div>\n<\/div>\n<p><!-- t:1611890044 --><\/p>","protected":false},"excerpt":{"rendered":"<p>Du lundi au vendredi de 8h00 \u00e0 18h30 et le samedi matin de 8h30 \u00e0 12h00 &#8211; Appelez le 0520 377 677 pour toutes demandes techniques ou le 0522 97 75 42 pour toute assistance 24h\/24 et 7j\/7 Fran\u00e7ais \u0627\u0644\u0639\u0631\u0628\u064a\u0629 ESPACE CLIENT [brizy_navigation name=\u00a0\u00bbprimary_menu\u00a0\u00bb] R\u00e9seau de garagistes agr\u00e9\u00e9s O\u00f9 que vous soyez, vous pouvez b\u00e9n\u00e9ficier [&hellip;]<\/p>","protected":false},"author":1,"featured_media":0,"parent":0,"menu_order":0,"comment_status":"closed","ping_status":"closed","template":"brizy-blank-template.php","meta":{"footnotes":""},"class_list":["post-6498","page","type-page","status-publish","hentry"],"yoast_head":"<!-- This site is optimized with the Yoast SEO plugin v25.4 - https:\/\/yoast.com\/wordpress\/plugins\/seo\/ -->\n<title>R\u00e9seau garagistes - Budget-LLD<\/title>\n<meta name=\"robots\" content=\"index, follow, max-snippet:-1, max-image-preview:large, max-video-preview:-1\" \/>\n<link rel=\"canonical\" href=\"https:\/\/www.budget-lld.ma\/ar\/reseau_garagistes\/\" \/>\n<meta property=\"og:locale\" content=\"ar_AR\" \/>\n<meta property=\"og:type\" content=\"article\" \/>\n<meta property=\"og:title\" content=\"R\u00e9seau garagistes - Budget-LLD\" \/>\n<meta property=\"og:description\" content=\"Du lundi au vendredi de 8h00 \u00e0 18h30 et le samedi matin de 8h30 \u00e0 12h00 &#8211; Appelez le 0520 377 677 pour toutes demandes techniques ou le 0522 97 75 42 pour toute assistance 24h\/24 et 7j\/7 Fran\u00e7ais \u0627\u0644\u0639\u0631\u0628\u064a\u0629 ESPACE CLIENT [brizy_navigation name=\u00a0\u00bbprimary_menu\u00a0\u00bb] R\u00e9seau de garagistes agr\u00e9\u00e9s O\u00f9 que vous soyez, vous pouvez b\u00e9n\u00e9ficier [&hellip;]\" \/>\n<meta property=\"og:url\" content=\"https:\/\/www.budget-lld.ma\/ar\/reseau_garagistes\/\" \/>\n<meta property=\"og:site_name\" content=\"Budget-LLD\" \/>\n<meta property=\"article:modified_time\" content=\"2025-07-10T18:05:12+00:00\" \/>\n<meta name=\"twitter:card\" content=\"summary_large_image\" \/>\n<meta name=\"twitter:label1\" content=\"Est. reading time\" \/>\n\t<meta name=\"twitter:data1\" content=\"1 minute\" \/>\n<script type=\"application\/ld+json\" class=\"yoast-schema-graph\">{\"@context\":\"https:\/\/schema.org\",\"@graph\":[{\"@type\":\"WebPage\",\"@id\":\"https:\/\/www.budget-lld.ma\/ar\/reseau_garagistes\/\",\"url\":\"https:\/\/www.budget-lld.ma\/ar\/reseau_garagistes\/\",\"name\":\"R\u00e9seau garagistes - Budget-LLD\",\"isPartOf\":{\"@id\":\"https:\/\/www.budget-lld.ma\/#website\"},\"datePublished\":\"2020-07-02T16:09:01+00:00\",\"dateModified\":\"2025-07-10T18:05:12+00:00\",\"breadcrumb\":{\"@id\":\"https:\/\/www.budget-lld.ma\/ar\/reseau_garagistes\/#breadcrumb\"},\"inLanguage\":\"ary\",\"potentialAction\":[{\"@type\":\"ReadAction\",\"target\":[\"https:\/\/www.budget-lld.ma\/ar\/reseau_garagistes\/\"]}]},{\"@type\":\"BreadcrumbList\",\"@id\":\"https:\/\/www.budget-lld.ma\/ar\/reseau_garagistes\/#breadcrumb\",\"itemListElement\":[{\"@type\":\"ListItem\",\"position\":1,\"name\":\"Accueil\",\"item\":\"https:\/\/www.budget-lld.ma\/\"},{\"@type\":\"ListItem\",\"position\":2,\"name\":\"R\u00e9seau garagistes\"}]},{\"@type\":\"WebSite\",\"@id\":\"https:\/\/www.budget-lld.ma\/#website\",\"url\":\"https:\/\/www.budget-lld.ma\/\",\"name\":\"Budget-LLD\",\"description\":\"Budget-LLD\",\"potentialAction\":[{\"@type\":\"SearchAction\",\"target\":{\"@type\":\"EntryPoint\",\"urlTemplate\":\"https:\/\/www.budget-lld.ma\/?s={search_term_string}\"},\"query-input\":{\"@type\":\"PropertyValueSpecification\",\"valueRequired\":true,\"valueName\":\"search_term_string\"}}],\"inLanguage\":\"ary\"}]}<\/script>\n<!-- \/ Yoast SEO plugin. -->","yoast_head_json":{"title":"R\u00e9seau garagistes - Budget-LLD","robots":{"index":"index","follow":"follow","max-snippet":"max-snippet:-1","max-image-preview":"max-image-preview:large","max-video-preview":"max-video-preview:-1"},"canonical":"https:\/\/www.budget-lld.ma\/ar\/reseau_garagistes\/","og_locale":"ar_AR","og_type":"article","og_title":"R\u00e9seau garagistes - Budget-LLD","og_description":"Du lundi au vendredi de 8h00 \u00e0 18h30 et le samedi matin de 8h30 \u00e0 12h00 &#8211; Appelez le 0520 377 677 pour toutes demandes techniques ou le 0522 97 75 42 pour toute assistance 24h\/24 et 7j\/7 Fran\u00e7ais \u0627\u0644\u0639\u0631\u0628\u064a\u0629 ESPACE CLIENT [brizy_navigation name=\u00a0\u00bbprimary_menu\u00a0\u00bb] R\u00e9seau de garagistes agr\u00e9\u00e9s O\u00f9 que vous soyez, vous pouvez b\u00e9n\u00e9ficier [&hellip;]","og_url":"https:\/\/www.budget-lld.ma\/ar\/reseau_garagistes\/","og_site_name":"Budget-LLD","article_modified_time":"2025-07-10T18:05:12+00:00","twitter_card":"summary_large_image","twitter_misc":{"Est. reading time":"1 minute"},"schema":{"@context":"https:\/\/schema.org","@graph":[{"@type":"WebPage","@id":"https:\/\/www.budget-lld.ma\/ar\/reseau_garagistes\/","url":"https:\/\/www.budget-lld.ma\/ar\/reseau_garagistes\/","name":"R\u00e9seau garagistes - Budget-LLD","isPartOf":{"@id":"https:\/\/www.budget-lld.ma\/#website"},"datePublished":"2020-07-02T16:09:01+00:00","dateModified":"2025-07-10T18:05:12+00:00","breadcrumb":{"@id":"https:\/\/www.budget-lld.ma\/ar\/reseau_garagistes\/#breadcrumb"},"inLanguage":"ary","potentialAction":[{"@type":"ReadAction","target":["https:\/\/www.budget-lld.ma\/ar\/reseau_garagistes\/"]}]},{"@type":"BreadcrumbList","@id":"https:\/\/www.budget-lld.ma\/ar\/reseau_garagistes\/#breadcrumb","itemListElement":[{"@type":"ListItem","position":1,"name":"Accueil","item":"https:\/\/www.budget-lld.ma\/"},{"@type":"ListItem","position":2,"name":"R\u00e9seau garagistes"}]},{"@type":"WebSite","@id":"https:\/\/www.budget-lld.ma\/#website","url":"https:\/\/www.budget-lld.ma\/","name":"Budget-LLD","description":"Budget-LLD","potentialAction":[{"@type":"SearchAction","target":{"@type":"EntryPoint","urlTemplate":"https:\/\/www.budget-lld.ma\/?s={search_term_string}"},"query-input":{"@type":"PropertyValueSpecification","valueRequired":true,"valueName":"search_term_string"}}],"inLanguage":"ary"}]}},"_links":{"self":[{"href":"https:\/\/www.budget-lld.ma\/ar\/wp-json\/wp\/v2\/pages\/6498","targetHints":{"allow":["GET"]}}],"collection":[{"href":"https:\/\/www.budget-lld.ma\/ar\/wp-json\/wp\/v2\/pages"}],"about":[{"href":"https:\/\/www.budget-lld.ma\/ar\/wp-json\/wp\/v2\/types\/page"}],"author":[{"embeddable":true,"href":"https:\/\/www.budget-lld.ma\/ar\/wp-json\/wp\/v2\/users\/1"}],"replies":[{"embeddable":true,"href":"https:\/\/www.budget-lld.ma\/ar\/wp-json\/wp\/v2\/comments?post=6498"}],"version-history":[{"count":30,"href":"https:\/\/www.budget-lld.ma\/ar\/wp-json\/wp\/v2\/pages\/6498\/revisions"}],"predecessor-version":[{"id":13938,"href":"https:\/\/www.budget-lld.ma\/ar\/wp-json\/wp\/v2\/pages\/6498\/revisions\/13938"}],"wp:attachment":[{"href":"https:\/\/www.budget-lld.ma\/ar\/wp-json\/wp\/v2\/media?parent=6498"}],"curies":[{"name":"wp","href":"https:\/\/api.w.org\/{rel}","templated":true}]}}